{"id":2,"date":"2015-08-04T12:26:51","date_gmt":"2015-08-04T12:26:51","guid":{"rendered":"http:\/\/wp424m.a10-52-158-154.qa.plesk.ru\/wordpress\/?page_id=2"},"modified":"2020-02-17T15:05:20","modified_gmt":"2020-02-17T15:05:20","slug":"sample-page","status":"publish","type":"page","link":"http:\/\/h00p.de\/?page_id=2","title":{"rendered":"\u203aDe Hoop\u2039"},"content":{"rendered":"<h5>Neuer Name: \u203aDe Waterloo\u2039 tegelbakkerij* wird<\/h5>\n<h3><strong>\u203aDe Hoop\u2039 <\/strong><span style=\"color: #808080;\"><em><strong>Fabrication van Delftsch Aardewerk en zo<\/strong><\/em><\/span><\/h3>\n<p>(*Herstellung von Delfter Irdenware und so)<\/p>\n<p>In der Bremer Waterloostra\u00dfe stand vor Zeiten der erste Brennofen. Werkstatt und \u203aShowrooms\u2039 sind inzwischen weitergezogen ins idyllische Hasbergen bei Bremen. Nicht zuletzt, um den Unmut unserer europ\u00e4ischen Nachbarn nicht auf mich zu ziehen, die nach \u00fcber 200 Jahren immernoch schlecht zu sprechen sind auf Waterloo, musste wohl mal was Neues her.<\/p>\n<p>\u203aDe Hoop\u2039, die Hoffnung, war vor vielen Jahren eines der ersten ausgestellten Fliesenbilder aus der Serie der \u203amodernisierten\u2039 Allegorien. Jetzt, als unmittelbarer Nachbar der alten M\u00fchle, war es nur naheliegend, einen Namen zu w\u00e4hlen, der schon vor Jahrhunderten unz\u00e4hlige dieser emissionsfreien Wunderwerke in den Niederlanden zierte \u2013 zum Beispiel in Delft, wo seinerzeit auch Keramikfarben und Glasurrohstoffe in den Windm\u00fchlen auf dem Stadtwall gemahlen wurden.<\/p>\n\n\n<p><\/p>\n","protected":false},"excerpt":{"rendered":"<p>Neuer Name: \u203aDe Waterloo\u2039 tegelbakkerij* wird \u203aDe Hoop\u2039 Fabrication van Delftsch Aardewerk en zo (*Herstellung von Delfter Irdenware und so) In der Bremer Waterloostra\u00dfe stand vor Zeiten der erste Brennofen. Werkstatt und \u203aShowrooms\u2039 sind inzwischen weitergezogen ins idyllische Hasbergen bei Bremen. Nicht zuletzt, um den Unmut unserer europ\u00e4ischen Nachbarn nicht auf mich zu ziehen, die&#8230; <\/p>\n<div class=\"link-more\"><a href=\"http:\/\/h00p.de\/?page_id=2\">Weiterlesen<\/a><\/div>\n","protected":false},"author":1,"featured_media":4,"parent":0,"menu_order":0,"comment_status":"open","ping_status":"open","template":"","meta":{"spay_email":""},"jetpack_sharing_enabled":true,"jetpack_shortlink":"https:\/\/wp.me\/P84NgT-2","_links":{"self":[{"href":"http:\/\/h00p.de\/index.php?rest_route=\/wp\/v2\/pages\/2"}],"collection":[{"href":"http:\/\/h00p.de\/index.php?rest_route=\/wp\/v2\/pages"}],"about":[{"href":"http:\/\/h00p.de\/index.php?rest_route=\/wp\/v2\/types\/page"}],"author":[{"embeddable":true,"href":"http:\/\/h00p.de\/index.php?rest_route=\/wp\/v2\/users\/1"}],"replies":[{"embeddable":true,"href":"http:\/\/h00p.de\/index.php?rest_route=%2Fwp%2Fv2%2Fcomments&post=2"}],"version-history":[{"count":18,"href":"http:\/\/h00p.de\/index.php?rest_route=\/wp\/v2\/pages\/2\/revisions"}],"predecessor-version":[{"id":347,"href":"http:\/\/h00p.de\/index.php?rest_route=\/wp\/v2\/pages\/2\/revisions\/347"}],"wp:featuredmedia":[{"embeddable":true,"href":"http:\/\/h00p.de\/index.php?rest_route=\/wp\/v2\/media\/4"}],"wp:attachment":[{"href":"http:\/\/h00p.de\/index.php?rest_route=%2Fwp%2Fv2%2Fmedia&parent=2"}],"curies":[{"name":"wp","href":"https:\/\/api.w.org\/{rel}","templated":true}]}}