{"id":32,"date":"2016-11-04T10:06:02","date_gmt":"2016-11-04T10:06:02","guid":{"rendered":"http:\/\/de-waterloo.de\/?page_id=32"},"modified":"2020-02-17T14:58:09","modified_gmt":"2020-02-17T14:58:09","slug":"neue-seite","status":"publish","type":"page","link":"http:\/\/h00p.de\/?page_id=32","title":{"rendered":"neue Seite"},"content":{"rendered":"<h4>\u00bbKunst auf Keramik!\u00ab<\/h4>\n<p>In der Hasberger Ein-Mann-Manufaktur fertigt der Illustrator und Grafik-Designer Gregor Sch\u00f6ner nach alter Handwerkskunst die Baukeramik, Einzelfliesen und Fliesenbilder, die allgemein als \u203aDelfter Kacheln\u2039 bekannt ist. Markttermine und H\u00e4ndlerliste werden hier auf <strong>www.h00p.de<\/strong> zu finden sein, sobald ich mit diesem wordpress einigerma\u00dfen zurechtkomme, auch ein umfangreicher Motivkatalog [11.2017: ist drin. scrollen bis Seitenende] und mehr technische Details. \u203aWerkstatt\u2039-Besuche sind nat\u00fcrlich nach Vereinbarung m\u00f6glich. Dort sind immer rund 200 Fliesen vorr\u00e4tig, nat\u00fcrlich auch originelle Fehlbr\u00e4nde, Farbproben und andere Zweite-Wahl-St\u00fccke, die schon um die zehn Euro zu haben sind. Die Produktionskapazit\u00e4t liegt bei ca. 2-3hundert Fliesen im Monat, das sind etwa vier bis f\u00fcnf Quadratmeter &#8211; gr\u00f6\u00dfere Fl\u00e4chen k\u00f6nnen auf Bestellung gefertigt werden, nat\u00fcrlich auch Wunschmotive nach eigenen Vorlagen, zB f\u00fcr besondere, individuelle Geschenke, Sondergr\u00f6\u00dfen, Reproduktionen historischer Einzelst\u00fccke f\u00fcr Restauration, Hausnummern Ladenschilder &#8230;<\/p>\n\n\n<p><\/p>\n","protected":false},"excerpt":{"rendered":"<p>\u00bbKunst auf Keramik!\u00ab In der Hasberger Ein-Mann-Manufaktur fertigt der Illustrator und Grafik-Designer Gregor Sch\u00f6ner nach alter Handwerkskunst die Baukeramik, Einzelfliesen und Fliesenbilder, die allgemein als \u203aDelfter Kacheln\u2039 bekannt ist. Markttermine und H\u00e4ndlerliste werden hier auf www.h00p.de zu finden sein, sobald ich mit diesem wordpress einigerma\u00dfen zurechtkomme, auch ein umfangreicher Motivkatalog [11.2017: ist drin. scrollen bis&#8230; <\/p>\n<div class=\"link-more\"><a href=\"http:\/\/h00p.de\/?page_id=32\">Weiterlesen<\/a><\/div>\n","protected":false},"author":1,"featured_media":61,"parent":0,"menu_order":0,"comment_status":"closed","ping_status":"closed","template":"","meta":{"spay_email":""},"jetpack_sharing_enabled":true,"jetpack_shortlink":"https:\/\/wp.me\/P84NgT-w","_links":{"self":[{"href":"http:\/\/h00p.de\/index.php?rest_route=\/wp\/v2\/pages\/32"}],"collection":[{"href":"http:\/\/h00p.de\/index.php?rest_route=\/wp\/v2\/pages"}],"about":[{"href":"http:\/\/h00p.de\/index.php?rest_route=\/wp\/v2\/types\/page"}],"author":[{"embeddable":true,"href":"http:\/\/h00p.de\/index.php?rest_route=\/wp\/v2\/users\/1"}],"replies":[{"embeddable":true,"href":"http:\/\/h00p.de\/index.php?rest_route=%2Fwp%2Fv2%2Fcomments&post=32"}],"version-history":[{"count":9,"href":"http:\/\/h00p.de\/index.php?rest_route=\/wp\/v2\/pages\/32\/revisions"}],"predecessor-version":[{"id":343,"href":"http:\/\/h00p.de\/index.php?rest_route=\/wp\/v2\/pages\/32\/revisions\/343"}],"wp:featuredmedia":[{"embeddable":true,"href":"http:\/\/h00p.de\/index.php?rest_route=\/wp\/v2\/media\/61"}],"wp:attachment":[{"href":"http:\/\/h00p.de\/index.php?rest_route=%2Fwp%2Fv2%2Fmedia&parent=32"}],"curies":[{"name":"wp","href":"https:\/\/api.w.org\/{rel}","templated":true}]}}